{"id":363,"date":"2024-04-29T17:44:01","date_gmt":"2024-04-29T17:44:01","guid":{"rendered":"https:\/\/blackshirt.pl\/?page_id=363"},"modified":"2024-04-29T17:44:01","modified_gmt":"2024-04-29T17:44:01","slug":"polityka-prywatnosci","status":"publish","type":"page","link":"https:\/\/blackshirt.pl\/index.php\/polityka-prywatnosci\/","title":{"rendered":"Polityka prywatno\u015bci"},"content":{"rendered":"<h2><strong>Polityka prywatno\u015bci<\/strong><\/h2>\n<p>&nbsp;<\/p>\n<p>Niniejszy dokument okre\u015bla zasady przetwarzania i ochrony danych osobowych potencjalnych oraz obecnych klient\u00f3w Przedsi\u0119biorstwa Wielobran\u017cowego Maciej Ratajczak z siedzib\u0105:<br \/>\n63-800 Gosty\u0144, Gola 76E\/1, NIP: 6961819365 zwanym dalej Administratorem danych.<\/p>\n<p><strong>Definicje<\/strong><\/p>\n<p>Cookies \u2013 oznacza dane informatyczne, w szczeg\u00f3lno\u015bci niewielkie pliki tekstowe, zapisywane i przechowywane na urz\u0105dzeniach za po\u015brednictwem, kt\u00f3rych U\u017cytkownik korzysta ze stron internetowych Serwisu.<br \/>\nSerwis \u2013 oznacza stron\u0119 internetow\u0105 nale\u017c\u0105c\u0105 do Administratora.<br \/>\nUrz\u0105dzenie \u2013 oznacza elektroniczne urz\u0105dzenie za po\u015brednictwem, kt\u00f3rego U\u017cytkownik uzyskuje dost\u0119p do Serwisu.<br \/>\nU\u017cytkownik \u2013 oznacza podmiot, kt\u00f3ry korzysta z tre\u015bci i funkcjonalno\u015bci dost\u0119pnych w Serwisach internetowych Administratora lub na rzecz kt\u00f3rego zgodnie z Regulaminem i przepisami prawa mog\u0105 by\u0107 \u015bwiadczone us\u0142ugi drog\u0105 elektroniczn\u0105 lub z kt\u00f3rym zawarta mo\u017ce by\u0107 Umowa o \u015bwiadczenie us\u0142ug drog\u0105 elektroniczn\u0105.<\/p>\n<p><strong>Administrator danych<\/strong><\/p>\n<p>Przedsi\u0119biorstwo Wielobran\u017cowe Maciej Ratajczak<br \/>\nNIP: 6961819365<br \/>\nREGON : 301313111<br \/>\n63-800 Gosty\u0144, Gola 76E\/1<\/p>\n<p><strong>Podstawa prawna<\/strong><\/p>\n<p>W procesie przetwarzania danych osobowych Administrator stosuje zasady okre\u015blone w obowi\u0105zuj\u0105cych przepisach prawa, w tym w szczeg\u00f3lno\u015bci w ustawie z dnia 29 sierpnia 1997 r. o ochronie danych osobowych oraz w Rozporz\u0105dzeniach Parlamentu Europejskiego i Rady (UE) 2016\/679 z dnia 27 kwietnia 2016 r. w sprawie ochrony os\u00f3b fizycznych w zwi\u0105zku z przetwarzaniem danych osobowych i w sprawie swobodnego przep\u0142ywu takich danych oraz uchylenia dyrektywy 95\/46\/WE (\u201dRODO\u201d).<\/p>\n<p><strong>Cele przetwarzania danych oraz okres ich przechowywania<\/strong><\/p>\n<p>Administrator przetwarza dane osobowe wy\u0142\u0105cznie w celu pozyskania klient\u00f3w\/dostawc\u00f3w, realizacji proces\u00f3w ofertyzacji , zam\u00f3wienia\/umowy i obs\u0142ugi posprzeda\u017cnej oferowanych towar\u00f3w i us\u0142ug oraz celem przes\u0142ania spersonalizowanej informacji handlowej, a w szczeg\u00f3lno\u015bci w celu:<\/p>\n<p>-za\u0142o\u017cenia konta w Serwisie internetowym celem dokonania zam\u00f3wienia,<br \/>\n-kontaktu osobistego, telefonicznego lub przez poczt\u0119 elektroniczn\u0105,<br \/>\n-przes\u0142ania zam\u00f3wionych materia\u0142\u00f3w informacyjnych, reklamowych i ofert,<br \/>\n-realizacji zam\u00f3wienia\/umowy,<br \/>\n-realizacji zg\u0142oszenia reklamacyjnego<br \/>\n-ewentualnego dochodzenia roszcze\u0144,<br \/>\n-dostosowania Serwis\u00f3w internetowych do potrzeb U\u017cytkownik\u00f3w,<br \/>\n-tworzenia raport\u00f3w i analiz dotycz\u0105cych funkcjonalno\u015bci Serwis\u00f3w, a w tym statystyk ogl\u0105dalno\u015bci.<br \/>\nDane te b\u0119d\u0105 przechowywane przez okres niezb\u0119dny do realizacji um\u00f3w. Po tym czasie dane s\u0105 przechowywane wy\u0142\u0105cznie na potrzeby dochodzenia roszcze\u0144 oraz przesy\u0142ania personalizowanej informacji handlowej.<\/p>\n<p><strong>Zakres i spos\u00f3b przechowywania danych<\/strong><\/p>\n<p>Administrator zbiera dane osobowe w procesie pozyskania klienta\/dostawcy, ofertyzacji, realizacji zam\u00f3wienia\/umowy i obs\u0142ugi posprzeda\u017cnej oferowanych towar\u00f3w i us\u0142ug. Administrator pozyskuje dane obejmuj\u0105ce m.in. : imi\u0119 i nazwisko osoby fizycznej (w tym prowadz\u0105cej dzia\u0142alno\u015b\u0107 gospodarcz\u0105), jej adres, NIP, imi\u0119 i nazwisko osoby kontaktowej w firmie, jej stanowisko, dzia\u0142, e-mail i telefon, a w przypadku korzystania z Serwis\u00f3w internetowych Administratora r\u00f3wnie\u017c adres IP urz\u0105dzenia, z kt\u00f3rego korzysta U\u017cytkownik. Dane s\u0105 przechowywane przez Administratora w formacie, kt\u00f3ry pozwala na ich przeniesienie.<\/p>\n<p>Podanie danych osobowych jest dobrowolne ale konieczne do korzystania z wybranych funkcjonalno\u015bci Serwis\u00f3w internetowych oraz do przesy\u0142ania ofert, realizacji zam\u00f3wie\u0144, um\u00f3w..<\/p>\n<p>Przekazanie lub innego rodzaju transfer pozyskanych danych osobowych, osobom lub firmom trzecim, nie wyst\u0119puje, chyba \u017ce dane te b\u0119d\u0105 niezb\u0119dne do nale\u017cytego wykonania umowy, rozpatrzenia reklamacji lub napraw w ramach gwarancji lub r\u0119kojmi czy przes\u0142ania katalogu tradycyjn\u0105 poczt\u0105. Dotyczy to w szczeg\u00f3lno\u015bci firm przewozowych, spedycyjnych, kurierskich, monta\u017cowych i serwisowych.<\/p>\n<p>Administrator danych o\u015bwiadcza te\u017c, \u017ce powierza przechowywanie i\/lub przetwarzanie danych osobowych, o kt\u00f3rych mowa w Polityce Prywatno\u015bci, na podstawie pisemnej umowy, podmiotom \u015bwiadcz\u0105cym na rzecz Administratora m.in. us\u0142ugi hostingu, marketingu automatycznego oraz optymalizacji przekazu w zakresie Serwis\u00f3w internetowych Administratora.<\/p>\n<p>Niezale\u017cnie od powy\u017cszego, w przypadku wyra\u017cenia odr\u0119bnej zgody przez U\u017cytkownika Serwisu, jego dane osobowe s\u0105 przetwarzane w celu otrzymywania informacji handlowej, a w szczeg\u00f3lno\u015bci przesy\u0142ania na wskazany adres poczty elektronicznej zam\u00f3wionego newslettera.<\/p>\n<p><strong>Dane zbierane automatycznie<\/strong><\/p>\n<p>Administrator informuje, \u017ce podczas korzystania z nale\u017c\u0105cych do niego Serwis\u00f3w internetowych zbierane s\u0105 r\u00f3wnie\u017c dane automatycznie. Dane te mog\u0105 by\u0107 zbierane przez pliki Cookies oraz przez system marketingu automatycznego.<\/p>\n<p>Administrator informuje, \u017ce od momentu po\u0142\u0105czenia si\u0119 u\u017cytkownika z Serwisem w logach systemowych Serwisu pojawia si\u0119 informacja m.in. o numerze IP i rodzaju urz\u0105dzenia ko\u0144cowego u\u017cytkownika, z kt\u00f3rego u\u017cytkownik \u0142\u0105czy si\u0119 ze Serwisem. Administrator informuje, \u017ce zgodnie z prawem przetwarza r\u00f3wnie\u017c dane dotycz\u0105ce m.in.. numeru IP i rodzaju urz\u0105dzenia ko\u0144cowego u\u017cytkownika, a tak\u017ce czasu po\u0142\u0105czenia u\u017cytkownika z Serwisem oraz inne dane eksploatacyjne dotycz\u0105ce aktywno\u015bci u\u017cytkownika w Serwisie. Opisane dane przetwarzane s\u0105 w celach technicznych w celu dostosowania Serwisu do potrzeb u\u017cytkownik\u00f3w oraz do zbierania og\u00f3lnych informacji statystycznych dotycz\u0105cych funkcjonowania Serwisu.<\/p>\n<p>Administrator wykorzystuje pliki typu Cookies w celu:<\/p>\n<p>-konfiguracji serwisu<br \/>\n-dostosowania zawarto\u015bci stron internetowych Serwisu do preferencji U\u017cytkownika oraz optymalizacji korzystania ze stron internetowych Serwisu<br \/>\n-rozpoznania urz\u0105dzenia U\u017cytkownika Serwisu oraz jego lokalizacji i odpowiednio wy\u015bwietlenia strony internetowej, dostosowanej do jego indywidualnych potrzeb;<br \/>\n-zapami\u0119tania ustawie\u0144 wybranych przez U\u017cytkownika i personalizacji interfejsu U\u017cytkownika, np. w zakresie wybranego j\u0119zyka lub regionu, z kt\u00f3rego pochodzi U\u017cytkownik,<br \/>\n-zapami\u0119tania historii odwiedzonych stron w Serwisie w celu rekomendacji tre\u015bci<br \/>\n-realizacji proces\u00f3w niezb\u0119dnych dla pe\u0142nej funkcjonalno\u015bci stron internetowych<br \/>\n-dostosowania zawarto\u015bci stron internetowych Serwisu do preferencji U\u017cytkownika oraz optymalizacji korzystania ze stron internetowych Serwisu.<br \/>\n-zapewnienia bezpiecze\u0144stwa i niezawodno\u015bci serwisu<br \/>\n-zbierania og\u00f3lnych i anonimowych danych statycznych za po\u015brednictwem narz\u0119dzi analitycznych Google Analytics [administrator cookies: Google Inc z siedzib\u0105 w USA]<br \/>\n-wykorzystania funkcji interaktywnych w celu popularyzacji Serwisu za pomoc\u0105 serwis\u00f3w spo\u0142eczno\u015bciowych Facebook.com [administrator cookies: Facebook Inc z siedzib\u0105 w USA lub Facebook Ireland z siedzib\u0105 w Irlandii]<br \/>\n-profilowania tre\u015bci reklamowych zgodnie z zainteresowaniami U\u017cytkownik\u00f3w Serwisu<\/p>\n<p>U\u017cytkownik mo\u017ce samodzielnie i w ka\u017cdym czasie zmieni\u0107 ustawienia dotycz\u0105ce udost\u0119pnienia swojej lokalizacji oraz plik\u00f3w Cookies, okre\u015blaj\u0105c warunki ich przechowywania i uzyskiwania dost\u0119pu przez pliki Cookies do urz\u0105dzenia U\u017cytkownika. Zmiany ustawie\u0144, o kt\u00f3rych mowa w zdaniu poprzednim, U\u017cytkownik mo\u017ce dokona\u0107 za pomoc\u0105 ustawie\u0144 przegl\u0105darki internetowej. Ustawienia te mog\u0105 zosta\u0107 zmienione w szczeg\u00f3lno\u015bci w taki spos\u00f3b, aby blokowa\u0107 automatyczn\u0105 obs\u0142ug\u0119 plik\u00f3w Cookies w ustawieniach przegl\u0105darki internetowej b\u0105d\u017a informowa\u0107 o ich ka\u017cdorazowym zamieszczeniu na urz\u0105dzeniu U\u017cytkownika. Szczeg\u00f3\u0142owe informacje o mo\u017cliwo\u015bci i sposobach obs\u0142ugi plik\u00f3w Cookies dost\u0119pne s\u0105 w ustawieniach oprogramowania (przegl\u0105darki internetowej).<\/p>\n<p>U\u017cytkownik mo\u017ce w ka\u017cdej chwili usun\u0105\u0107 pliki Cookies korzystaj\u0105c z dost\u0119pnych funkcji w przegl\u0105darce internetowej, kt\u00f3rej u\u017cywa. Ograniczenie stosowania plik\u00f3w Cookies, mo\u017ce wp\u0142yn\u0105\u0107 na niekt\u00f3re funkcjonalno\u015bci dost\u0119pne na stronie internetowej Serwisu.<\/p>\n<p><strong>Prawo dost\u0119pu do danych, ich sprostowania, usuni\u0119cia lub ograniczenia przetwarzania lub do wniesienia sprzeciwu wobec przetwarzania, a tak\u017ce prawo do przenoszenia danych<\/strong><\/p>\n<p>Ka\u017cdy, kogo dane osobowe s\u0105 zbierane mo\u017ce za\u017c\u0105da\u0107 od Administratora:<\/p>\n<p>-dost\u0119pu do swoich danych osobowych,<br \/>\n-sprostowania danych osobowych,<br \/>\n-usuni\u0119cia danych osobowych,<br \/>\n-ograniczenia przetwarzania danych osobowych,<br \/>\n-sprzeciwu wobec przetwarzania,<br \/>\n-przeniesienia danych osobowych.<\/p>\n<p>Ponadto ka\u017cdy, kogo dane osobowe s\u0105 zbierane mo\u017ce wnie\u015b\u0107 sprzeciw wobec przetwarzania danych osobowych, a w szczeg\u00f3lno\u015bci w zakresie profilowania U\u017cytkownika Serwis\u00f3w internetowych. Aby skorzysta\u0107 z powy\u017cszych uprawnie\u0144 nale\u017cy skontaktowa\u0107 si\u0119 z Administratorem za pomoc\u0105 poczty elektronicznej: Administrator wykonuje \u017c\u0105danie osoby, kt\u00f3rej dane s\u0105 zbierane w okresie do 30 dni. Okres ten w uzasadnionych przypadkach mo\u017ce ulec wyd\u0142u\u017ceniu do 90 dni. Nale\u017cy jednak mie\u0107 na uwadze, \u017ce usuni\u0119cie, ograniczenie, przeniesienie oraz zg\u0142oszenie sprzeciwu wzgl\u0119dem przetwarzania danych b\u0119dzie mia\u0142o wp\u0142yw na \u015bwiadczone us\u0142ugi i mo\u017ce skutkowa\u0107 niemo\u017cliwo\u015bci\u0105 ich wykonania. W szczeg\u00f3lno\u015bci nie ma ono zastosowania w przypadku zobowi\u0105za\u0144, kt\u00f3re zosta\u0142y prawnie zawarte ze wzgl\u0119du na wymogi prawne zwi\u0105zane m.in. dochodzeniem roszcze\u0144.<\/p>\n<p>W przypadku gdy Administrator danych wyst\u0119puje o wyra\u017cenie zgody na przesy\u0142anie informacji handlowej drog\u0105 elektroniczn\u0105, osobie, kt\u00f3ra wyrazi\u0142a zgod\u0119 przys\u0142uguje prawo do jej cofni\u0119cia. W tym celu nale\u017cy klikn\u0105\u0107 na link powoduj\u0105cy cofni\u0119cie zgody umieszczony w tre\u015bci informacji handlowej lub wys\u0142a\u0107 mailow\u0105 informacj\u0119 o cofni\u0119ciu zgody na adres poczty elektronicznej kontakt@sembri.pl<\/p>\n<p><strong>Bezpiecze\u0144stwo danych<\/strong><\/p>\n<p>Administrator danych o\u015bwiadcza, \u017ce dok\u0142ada wszelkich stara\u0144, aby zapewni\u0107 Klientom wysoki poziom bezpiecze\u0144stwa przetwarzania ich danych. Wszelkie zdarzenia maj\u0105ce wp\u0142yw na bezpiecze\u0144stwo przetwarzania danych nale\u017cy zg\u0142asza\u0107 na adres poczty elektronicznej: kontakt@sembri.pl<\/p>\n<p>Administrator danych o\u015bwiadcza, \u017ce powierza przechowywanie i\/lub przetwarzanie danych osobowych, o kt\u00f3rych mowa w Polityce Prywatno\u015bci, na podstawie pisemnej umowy, podmiotom \u015bwiadcz\u0105cym na rzecz Administratora m.in. us\u0142ugi hostingu, marketingu automatycznego oraz optymalizacji przekazu w zakresie Serwis\u00f3w internetowych Administratora, a w przypadku obs\u0142ugi zam\u00f3wienia\/umowy, reklamacji: firm przewozowych, spedycyjnych, kurierskich itp.<\/p>\n<p><strong>Postanowienia ko\u0144cowe<\/strong><\/p>\n<p>Ka\u017cdy, kogo dane osobowe zbiera Administrator ma prawo z\u0142o\u017cy\u0107 za\u017calenie do w\u0142a\u015bciwego organu nadzorczego, je\u017celi uwa\u017ca, \u017ce przetwarzanie danych osobowych jego dotycz\u0105ce narusza obowi\u0105zuj\u0105ce przepisy reguluj\u0105ce przetwarzanie danych osobowych: ustaw\u0119 o ochronie danych osobowych lub og\u00f3lne rozporz\u0105dzenie o ochronie danych.<\/p>\n<p>Administrator danych zastrzega sobie prawo do zmiany niniejszej Polityki Prywatno\u015bci poprzez opublikowanie nowej polityki prywatno\u015bci na tej stronie.<\/p>\n","protected":false},"excerpt":{"rendered":"<p>Polityka prywatno\u015bci &nbsp; Niniejszy dokument okre\u015bla zasady przetwarzania i ochrony danych osobowych potencjalnych oraz obecnych klient\u00f3w Przedsi\u0119biorstwa Wielobran\u017cowego Maciej Ratajczak z siedzib\u0105: 63-800 Gosty\u0144, Gola 76E\/1, NIP: 6961819365 zwanym dalej Administratorem danych. Definicje Cookies \u2013 oznacza dane informatyczne, w szczeg\u00f3lno\u015bci niewielkie pliki tekstowe, zapisywane i przechowywane na urz\u0105dzeniach za po\u015brednictwem, kt\u00f3rych U\u017cytkownik korzysta ze stron [&hellip;]<\/p>\n","protected":false},"author":1,"featured_media":0,"parent":0,"menu_order":0,"comment_status":"closed","ping_status":"closed","template":"","meta":{"_et_pb_use_builder":"","_et_pb_old_content":"","_et_gb_content_width":"","footnotes":""},"class_list":["post-363","page","type-page","status-publish","hentry"],"_links":{"self":[{"href":"https:\/\/blackshirt.pl\/index.php\/wp-json\/wp\/v2\/pages\/363","targetHints":{"allow":["GET"]}}],"collection":[{"href":"https:\/\/blackshirt.pl\/index.php\/wp-json\/wp\/v2\/pages"}],"about":[{"href":"https:\/\/blackshirt.pl\/index.php\/wp-json\/wp\/v2\/types\/page"}],"author":[{"embeddable":true,"href":"https:\/\/blackshirt.pl\/index.php\/wp-json\/wp\/v2\/users\/1"}],"replies":[{"embeddable":true,"href":"https:\/\/blackshirt.pl\/index.php\/wp-json\/wp\/v2\/comments?post=363"}],"version-history":[{"count":1,"href":"https:\/\/blackshirt.pl\/index.php\/wp-json\/wp\/v2\/pages\/363\/revisions"}],"predecessor-version":[{"id":364,"href":"https:\/\/blackshirt.pl\/index.php\/wp-json\/wp\/v2\/pages\/363\/revisions\/364"}],"wp:attachment":[{"href":"https:\/\/blackshirt.pl\/index.php\/wp-json\/wp\/v2\/media?parent=363"}],"curies":[{"name":"wp","href":"https:\/\/api.w.org\/{rel}","templated":true}]}}