{"id":361,"date":"2024-04-29T17:43:18","date_gmt":"2024-04-29T17:43:18","guid":{"rendered":"https:\/\/blackshirt.pl\/?page_id=361"},"modified":"2024-04-30T10:31:45","modified_gmt":"2024-04-30T10:31:45","slug":"regulamin","status":"publish","type":"page","link":"https:\/\/blackshirt.pl\/index.php\/regulamin\/","title":{"rendered":"Regulamin"},"content":{"rendered":"<h2><strong>Regulamin<\/strong><\/h2>\n<p>&nbsp;<\/p>\n<p><strong> POSTANOWIENIA OG\u00d3LNE<br \/>\n<\/strong>W\u0142a\u015bcicielem sklepu internetowego jest firma:<br \/>\nPrzedsi\u0119biorstwo Wielobran\u017cowe Maciej Ratajczak, Gola 76E\/1, 63-800 Gosty\u0144, NIP : 696-181-93-65<\/p>\n<p><strong>KONTO<br \/>\n<\/strong>1. Do za\u0142o\u017cenia konta niezb\u0119dne jest wype\u0142nienie formularza kontaktowego z\u00a0podaniem danych personalnych Klienta zgodnie z\u00a0formularzem. Do ka\u017cdego konta zostaje przydzielony indywidualny login oraz has\u0142o. Za\u0142o\u017cenie konta jest dobrowolne i\u00a0nieobowi\u0105zkowe.<br \/>\n2. Istnieje mo\u017cliwo\u015b\u0107 dokonywania zakup\u00f3w nie posiadaj\u0105c konta.<br \/>\n3. Plusem posiadania konta jest mo\u017cliwo\u015b\u0107 sprawdzenia historii zakup\u00f3w, udzia\u0142 w\u00a0konkursach, dodatkowe promocje i rabaty.<\/p>\n<p><strong>WARUNKI ZAWIERANIA UMOWY SPRZEDA\u017bY<br \/>\n<\/strong>1. Istniej\u0105 dwie mo\u017cliwo\u015bci z\u0142o\u017cenia zam\u00f3wienia w\u00a0sklepie internetowym:<br \/>\na) za\u0142o\u017cenie konta z\u00a0loginem i\u00a0has\u0142em<br \/>\nb) z\u0142o\u017cenie zam\u00f3wienia bez konieczno\u015bci zak\u0142adania konta.<br \/>\nW\u00a0obu przypadkach do z\u0142o\u017cenia zam\u00f3wienia niezb\u0119dne jest wype\u0142nienie formularza zam\u00f3wienia.<br \/>\n2. Wype\u0142nienie formularza zam\u00f3wienia jednoznaczne jest z\u00a0zawarciem przez Kupuj\u0105cego umowy sprzeda\u017cy i\u00a0akceptacj\u0105 regulaminu sklepu.<br \/>\n3. Podane na stronie ceny s\u0105 cenami w\u00a0polskich z\u0142otych i\u00a0zawieraj\u0105 obowi\u0105zuj\u0105cy podatek VAT.<br \/>\n4. W podsumowaniu zam\u00f3wienia widnieje informacja o\u00a0\u0142\u0105cznej cenie przedmiotu zam\u00f3wienia oraz o\u00a0kosztach dostawy. O\u00a0wszelkich kosztach Klient jest informowany w\u00a0trakcie wype\u0142niania formularza zam\u00f3wienia.<br \/>\n5. Sklep blackshirt.pl nie posiada innych ukrytych koszt\u00f3w.<br \/>\n6. Po przyj\u0119ciu zam\u00f3wienia Sprzedawca niezw\u0142ocznie poinformuje Klienta o\u00a0przyj\u0119ciu zam\u00f3wienia do realizacji. Potwierdzenie nast\u0105pi poprzez przes\u0142anie Klientowi wiadomo\u015bci e-mail na adres poczty elektronicznej kt\u00f3ry zosta\u0142 wpisany przez Klienta do formularza podczas sk\u0142adania zam\u00f3wienia.<br \/>\n7. Zam\u00f3wienie zostaje zapisane w\u00a0systemie sklepu internetowego jako dow\u00f3d zawarcia umowy.<br \/>\n8. Zastrzegamy sobie prawo do nie \u0142\u0105czenia kilku zam\u00f3wie\u0144.<\/p>\n<p><strong>WARUNKI P\u0141ATNO\u015aCI<br \/>\n<\/strong>1. P\u0142atno\u015b\u0107 przelewem na rachunek bankowy sprzedawcy (kurier) Koszt takiej wysy\u0142ki to 20 z\u0142.<br \/>\n2. P\u0142atno\u015b\u0107 przelewem na rachunek bankowy sprzedawcy (paczkomat) Koszt takiej wysy\u0142ki to 15 z\u0142.<\/p>\n<p><strong>TERMIN P\u0141ATNO\u015aCI:<br \/>\n<\/strong>W przypadku wyboru przez Klienta p\u0142atno\u015bci przelewem, p\u0142atno\u015bci elektronicznych Klient obowi\u0105zany jest do dokonania p\u0142atno\u015bci w terminie 2 dni kalendarzowych od dnia zawarcia Umowy Sprzeda\u017cy. Po przekroczeniu tego terminu umowa Sprzeda\u017cy zostaje zerwana z winy Klienta.<\/p>\n<p><strong>WYSY\u0141KA ZAM\u00d3WIENIA<br \/>\n<\/strong>Wysy\u0142ka nast\u0119puje po uznaniu p\u0142atno\u015bci w ci\u0105gu 1-5 dni roboczych.<\/p>\n<p><strong>DOSTAWA ZAM\u00d3WIENIA<br \/>\n<\/strong>1. Dostawa produktu dost\u0119pna jest na terytorium Rzeczypospolitej Polskiej.<br \/>\n2. Dostawa Produktu do Klienta jest odp\u0142atna, chyba \u017ce Umowa Sprzeda\u017cy stanowi inaczej. Koszty dostawy produktu s\u0105 jawne i\u00a0zawarte s\u0105 w\u00a0zak\u0142adce \u201eKoszty dostawy\u201d oraz w\u00a0trakcie sk\u0142adania zam\u00f3wienia.<br \/>\n3. Nie ma mo\u017cliwo\u015bci odbioru osobistego.<br \/>\n4. Termin dostawy produktu do Klienta na terenie kraju wynosi 1-4 dni robocze.<br \/>\n5. Klient ma obowi\u0105zek sprawdzenia przesy\u0142ki w obecno\u015bci kuriera. W przypadku zauwa\u017cenia uszkodzenia przesy\u0142ki niezb\u0119dne jest spisanie protoko\u0142u szkody w transporcie oraz niezw\u0142oczne powiadomienie o tym fakcie Sprzedawcy poprzez wys\u0142anie wiadomo\u015bci e-mail na adres kontakt@blackshirt.pl. Nie spisanie protoko\u0142u szkody z\u00a0kurierem uniemo\u017cliwi wszcz\u0119cie procedury reklamacyjnej, a\u00a0tym samym zwrotu towaru.<\/p>\n<p><strong>REKLAMACJE I ZWROTY:<br \/>\n<\/strong>1. Wszelkie reklamacje i zwroty mo\u017cna sk\u0142ada\u0107 poprzez przes\u0142anie wype\u0142nionego formularza poczt\u0105 elektroniczn\u0105 na adres: kontakt@blackshirt.pl , lub wysy\u0142aj\u0105c wraz z zwrotem towaru.<br \/>\n2. Zwracany towar nale\u017cy odpowiednio zabezpieczy\u0107 i\u00a0zapakowa\u0107 oraz odes\u0142a\u0107 na adres:<br \/>\n<strong>Przedsi\u0119biorstwo Wielobran\u017cowe Maciej Ratajczak, Gola 76E\/1, 63-800 Gosty\u0144 <\/strong><br \/>\nwraz z\u00a0dowodem zakupu i\u00a0do\u0142\u0105czonym protoko\u0142em reklamacyjnym lub zwrotu, kt\u00f3re s\u0105 do pobrania na stronie.<br \/>\n3. Nie odbieramy paczek wys\u0142anych za pobraniem.<br \/>\n4. Uwaga. Podstaw\u0105 do zwrotu lub reklamacji jest dokument sprzeda\u017cy do\u0142\u0105czony do zam\u00f3wienia.<br \/>\n5. Sprzedawca ustosunkuje si\u0119 do reklamacji w mo\u017cliwie najkr\u00f3tszym terminie, nie p\u00f3\u017aniej ni\u017c 14 dni kalendarzowych od dnia jej z\u0142o\u017cenia. Uwaga. Podstaw\u0105 do wszcz\u0119cia procedury reklamacji lub zwrotu jest prawid\u0142owo wype\u0142niony formularz reklamacyjny lub zwrotu dost\u0119pny na stronie oraz dokument sprzeda\u017cy. Przes\u0142anie b\u0142\u0119dnie wype\u0142nionego formularza mo\u017ce spowodowa\u0107 op\u00f3\u017anienie w rozpatrzeniu reklamacji.<br \/>\n6. Pe\u0142en zakres odpowiedzialno\u015bci i obowi\u0105zk\u00f3w Sprzedawcy wzgl\u0119dem Klienta jest okre\u015blony powszechnie obowi\u0105zuj\u0105cymi przepisami prawa, w szczeg\u00f3lno\u015bci w Kodeksie Cywilnym. Dla um\u00f3w sprzeda\u017cy podstawa i zakres odpowiedzialno\u015bci Sprzedawcy wobec Klienta z tytu\u0142u niezgodno\u015bci produktu z umow\u0105 sprzeda\u017cy s\u0105 okre\u015blone powszechnie obowi\u0105zuj\u0105cymi przepisami prawa sprzeda\u017cy konsumenckiej.<\/p>\n<p><strong>PRAWO ODST\u0104PIENIA OD UMOWY<br \/>\n<\/strong>1. Klient b\u0119d\u0105cy konsumentem, kt\u00f3ry zawar\u0142 umow\u0119 na odleg\u0142o\u015b\u0107, mo\u017ce w terminie 14 dni kalendarzowych odst\u0105pi\u0107 od niej bez podawania przyczyny i bez ponoszenia dodatkowych koszt\u00f3w, z wyj\u0105tkiem koszt\u00f3w transportu do Sprzedawcy. O\u015bwiadczenie o odst\u0105pieniu od umowy Klient mo\u017ce przes\u0142a\u0107 poczt\u0105 elektroniczn\u0105 na adres: kontakt@blackshirt.pl lub odes\u0142a\u0107 wraz ze zwrotem towaru na adres:<br \/>\n<strong>Przedsi\u0119biorstwo Wielobran\u017cowe Maciej Ratajczak, Gola 76E\/1, 63-800 Gosty\u0144<\/strong><br \/>\n2. Sprzedawca ma obowi\u0105zek niezw\u0142ocznie, nie p\u00f3\u017aniej ni\u017c w\u00a0terminie 14 dni kalendarzowych od dnia otrzymania zwrotu produktu oraz o\u015bwiadczenia Klienta o\u00a0odst\u0105pieniu od umowy, zwr\u00f3ci\u0107 Klientowi nale\u017cno\u015bci (z wyj\u0105tkiem koszt\u00f3w dostawy). Sprzedawca dokonuje zwrotu p\u0142atno\u015bci przy u\u017cyciu takiego samego sposobu p\u0142atno\u015bci, jakiego u\u017cy\u0142 Klient.<br \/>\n3. Klient ma obowi\u0105zek niezw\u0142ocznie, nie p\u00f3\u017aniej ni\u017c w\u00a0terminie 14 dni kalendarzowych od dnia zakupu, zwr\u00f3ci\u0107 produkt Sprzedawcy. Klient ponosi bezpo\u015brednie koszty zwrotu produktu.<\/p>\n<p><strong>POSTANOWIENIA DOTYCZ\u0104CE PRZEDSI\u0118BIORC\u00d3W<br \/>\n<\/strong>1. Niniejszy punkt Regulaminu oraz postanowienia w nim zawarte dotycz\u0105 wy\u0142\u0105cznie Klient\u00f3w nie b\u0119d\u0105cych konsumentami.<br \/>\n2. Sprzedawcy przys\u0142uguje prawo odst\u0105pienia od umowy sprzeda\u017cy zawartej z\u00a0Klientem nieb\u0119d\u0105cym konsumentem w\u00a0terminie 14 dni kalendarzowych od dnia jej zawarcia. Odst\u0105pienie od Umowy Sprzeda\u017cy w\u00a0tym wypadku mo\u017ce nast\u0105pi\u0107 bez podania przyczyny i\u00a0nie rodzi po stronie Klienta nieb\u0119d\u0105cego konsumentem \u017cadnych roszcze\u0144.<br \/>\n3. W przypadku Klient\u00f3w nie b\u0119d\u0105cych konsumentami Sprzedawca ma prawo ograniczy\u0107 dost\u0119pne sposoby p\u0142atno\u015bci, w\u00a0tym tak\u017ce wymaga\u0107 dokonania przedp\u0142aty w\u00a0ca\u0142o\u015bci albo cz\u0119\u015bci i\u00a0to niezale\u017cnie od wybranego przez Klienta sposobu p\u0142atno\u015bci oraz faktu zawarcia umowy sprzeda\u017cy.<\/p>\n<p><strong>POSTANOWIENIA KO\u0143COWE<br \/>\n<\/strong>1. Sprzedawca zastrzega sobie prawo do dokonywania zmian regulaminu.<br \/>\n2. W sprawach nieuregulowanych w\u00a0niniejszym regulaminie maj\u0105 zastosowanie powszechnie obowi\u0105zuj\u0105ce przepisy prawa polskiego oraz inne w\u0142a\u015bciwe przepisy powszechnie obowi\u0105zuj\u0105cego prawa.<\/p>\n<p><strong><em>OBJA\u015aNIENIE:<\/em><\/strong><br \/>\n<em>1. DZIE\u0143 ROBOCZY \u2013 jeden dzie\u0144 od poniedzia\u0142ku do pi\u0105tku z\u00a0wy\u0142\u0105czeniem dni ustawowo wolnych od pracy.<\/em><br \/>\n<em>2. FORMULARZ REJESTRACJI \u2013 formularz dost\u0119pny w\u00a0Sklepie Internetowym umo\u017cliwiaj\u0105cy utworzenie Konta Klienta.<\/em><br \/>\n<em>3. FORMULARZ ZAM\u00d3WIENIA \u2013 Us\u0142uga Elektroniczna umo\u017cliwiaj\u0105ca z\u0142o\u017cenie zam\u00f3wienia.<\/em><br \/>\n<em>4. KLIENT \u2013 osoba fizyczna posiadaj\u0105ca pe\u0142n\u0105 lub ograniczon\u0105 zdolno\u015b\u0107 do czynno\u015bci prawnych nie b\u0119d\u0105ca przedsi\u0119biorc\u0105.<\/em><br \/>\n<em>5. KONTO \u2013 Us\u0142uga elektroniczna z\u00a0przypisanym loginem i\u00a0has\u0142em w\u00a0kt\u00f3rej zapisane s\u0105 dane podane przez Klienta oraz informacje o\u00a0z\u0142o\u017conych przez niego zam\u00f3wieniach w\u00a0Sklepie Internetowym.<\/em><br \/>\n<em>6. PRODUKT \u2013 dost\u0119pna w\u00a0Sklepie Internetowym rzecz ruchoma b\u0119d\u0105ca przedmiotem Umowy Sprzeda\u017cy mi\u0119dzy Klientem a\u00a0Sprzedawc\u0105.<\/em><br \/>\n<em>7. SPRZEDAWCA\u2013 nip 6961819365, Regon 301313111<\/em><br \/>\n<em>8. UMOWA SPRZEDA\u017bY \u2013 umowa sprzeda\u017cy produktu zawierana albo zawarta mi\u0119dzy Klientem a\u00a0Sprzedawc\u0105 za po\u015brednictwem Sklepu Internetowego.<\/em><br \/>\n<em>9. ZAM\u00d3WIENIE \u2013 o\u015bwiadczenie woli Klienta sk\u0142adane za pomoc\u0105 Formularza Zam\u00f3wienia i\u00a0zmierzaj\u0105ce bezpo\u015brednio do zawarcia umowy sprzeda\u017cy produktu ze Sprzedawc\u0105<\/em><\/p>\n","protected":false},"excerpt":{"rendered":"<p>Regulamin &nbsp; POSTANOWIENIA OG\u00d3LNE W\u0142a\u015bcicielem sklepu internetowego jest firma: Przedsi\u0119biorstwo Wielobran\u017cowe Maciej Ratajczak, Gola 76E\/1, 63-800 Gosty\u0144, NIP : 696-181-93-65 KONTO 1. Do za\u0142o\u017cenia konta niezb\u0119dne jest wype\u0142nienie formularza kontaktowego z\u00a0podaniem danych personalnych Klienta zgodnie z\u00a0formularzem. Do ka\u017cdego konta zostaje przydzielony indywidualny login oraz has\u0142o. Za\u0142o\u017cenie konta jest dobrowolne i\u00a0nieobowi\u0105zkowe. 2. Istnieje mo\u017cliwo\u015b\u0107 dokonywania zakup\u00f3w [&hellip;]<\/p>\n","protected":false},"author":1,"featured_media":0,"parent":0,"menu_order":0,"comment_status":"closed","ping_status":"closed","template":"","meta":{"_et_pb_use_builder":"","_et_pb_old_content":"","_et_gb_content_width":"","footnotes":""},"class_list":["post-361","page","type-page","status-publish","hentry"],"_links":{"self":[{"href":"https:\/\/blackshirt.pl\/index.php\/wp-json\/wp\/v2\/pages\/361","targetHints":{"allow":["GET"]}}],"collection":[{"href":"https:\/\/blackshirt.pl\/index.php\/wp-json\/wp\/v2\/pages"}],"about":[{"href":"https:\/\/blackshirt.pl\/index.php\/wp-json\/wp\/v2\/types\/page"}],"author":[{"embeddable":true,"href":"https:\/\/blackshirt.pl\/index.php\/wp-json\/wp\/v2\/users\/1"}],"replies":[{"embeddable":true,"href":"https:\/\/blackshirt.pl\/index.php\/wp-json\/wp\/v2\/comments?post=361"}],"version-history":[{"count":2,"href":"https:\/\/blackshirt.pl\/index.php\/wp-json\/wp\/v2\/pages\/361\/revisions"}],"predecessor-version":[{"id":371,"href":"https:\/\/blackshirt.pl\/index.php\/wp-json\/wp\/v2\/pages\/361\/revisions\/371"}],"wp:attachment":[{"href":"https:\/\/blackshirt.pl\/index.php\/wp-json\/wp\/v2\/media?parent=361"}],"curies":[{"name":"wp","href":"https:\/\/api.w.org\/{rel}","templated":true}]}}